{"id":82,"date":"2024-05-13T00:34:30","date_gmt":"2024-05-12T22:34:30","guid":{"rendered":"https:\/\/newdkas.wpm.hehe.si\/?page_id=82"},"modified":"2025-12-19T05:34:57","modified_gmt":"2025-12-19T04:34:57","slug":"povezave","status":"publish","type":"page","link":"https:\/\/dkas.si\/fr\/drustvo\/povezave\/","title":{"rendered":"Povezave"},"content":{"rendered":"<h2>Povezave<\/h2>\n<p><strong>V DKAS se s svojimi aktivnostmi, odzivi in projekti povezujemo s sorodnimi organizacijami v Sloveniji in \u0161ir\u0161e.<\/strong><\/p>\n<h4>Fakultete, oddelki<\/h4>\n<p><a href=\"https:\/\/www.bf.uni-lj.si\/sl\/enote\/krajinska-arhitektura\/\" target=\"_blank\" rel=\"noopener\">Oddelek za krajinsko arhitekturo<\/a><\/p>\n<h4>Zbornice<\/h4>\n<p><a href=\"https:\/\/zaps.si\/\" target=\"_blank\" rel=\"noopener\">Zbornica za arhitekturo in prostor Slovenije<\/a><br \/>\n<a href=\"http:\/\/www.izs.si\/\" target=\"_blank\" rel=\"noopener\">In\u017eenirska zbornica Slovenije<\/a><\/p>\n<h4 class=\"title\">Organizacije in zdru\u017eenja v Sloveniji<\/h4>\n<p><a href=\"https:\/\/www.facebook.com\/drustvostudentovKA\/?locale=sl_SI\" target=\"_blank\" rel=\"noopener\">Dru\u0161tvo \u0161tudentov krajinske arhitekture<\/a><br \/>\n<a href=\"https:\/\/www.mrezaprostor.si\/\" target=\"_blank\" rel=\"noopener\">Mre\u017ea za prostor<\/a><br \/>\n<a href=\"https:\/\/www.ipop.si\/\" target=\"_blank\" rel=\"noopener\">In\u0161titut za politike prostora<\/a><br \/>\n<a href=\"https:\/\/www.fgg.uni-lj.si\/skupina-odgovorno-do-prostora\/\" target=\"_blank\" rel=\"noopener\">Odgovorno do prostora!<\/a><br \/>\n<a href=\"https:\/\/www.drustvo-dal.si\/\" target=\"_blank\" rel=\"noopener\">Dru\u0161tvo arhitektov Ljubljana<\/a><br \/>\n<a href=\"http:\/\/www.ljudmila.org\/dupps\/\" target=\"_blank\" rel=\"noopener\">Dru\u0161tvo urbanistov in prostorskih planerjev Slovenije<\/a><br \/>\n<a href=\"http:\/\/www.s-kd.si\/\" target=\"_blank\" rel=\"noopener\">Slovensko konservatorsko dru\u0161tvo<\/a><br \/>\n<a href=\"https:\/\/www.plecnikovsklad.si\/\" target=\"_blank\" rel=\"noopener\">Sklad arhitekta Jo\u017eeta Ple\u010dnika<\/a><br \/>\n<a href=\"https:\/\/www.uirs.si\/sl-si\/\" target=\"_blank\" rel=\"noopener\">Urbanisti\u010dni in\u0161titut Republike Slovenije<\/a><br \/>\n<a href=\"http:\/\/www.pazipark.si\/\" target=\"_blank\" rel=\"noopener\">Pazi!park<\/a><\/p>\n<h4>Mednarodne organizacije<\/h4>\n<p><a href=\"https:\/\/iflaeurope.eu\/\" target=\"_blank\" rel=\"noopener\">IFLA Europe &#8211; International Federation of Landscape Architects<\/a><br \/>\n<a href=\"https:\/\/www.landscapearchitectureeurope.com\/\" target=\"_blank\" rel=\"noopener\">EFLA &#8211; European Foundation of Landscape Architecture<\/a><br \/>\n<a href=\"http:\/\/www.landscape-architecture.com\/\" target=\"_blank\" rel=\"noopener\">ELAN &#8211; European Landscape Architecture Network<\/a><br \/>\n<a href=\"https:\/\/www.nela-archives.org\/\" target=\"_blank\" rel=\"noopener\">NELA-Network of European Landscape Architecture Archives<\/a><br \/>\n<a href=\"https:\/\/www.uia-architectes.org\/en\/\" target=\"_blank\" rel=\"noopener\">UIA &#8211; International Union of Architects<\/a><br \/>\n<a href=\"http:\/\/www.le-notre.org\/\" target=\"_blank\" rel=\"noopener\">Le Notre Institute<\/a><br \/>\n<a href=\"http:\/\/www.elasa.org\/\" target=\"_blank\" rel=\"noopener\">ELASA &#8211; European Landscape Architecture Students Association<\/a><br \/>\n<a href=\"https:\/\/www.coe.int\/en\/web\/landscape\" target=\"_blank\" rel=\"noopener\">Svet Evrope za krajinsko konvencijo\/Council of Europe Landscape Convention<\/a><br \/>\n<a href=\"https:\/\/www.cipra.org\/sl\/cipra\/landingpage\" target=\"_blank\" rel=\"noopener\">CIPRA<\/a><br \/>\n<a href=\"http:\/\/hdka.hr\/\" target=\"_blank\" rel=\"noopener\">HDKA-Hrvatsko dru\u0161tvo krajobraznih arhitekata<\/a><br \/>\n<a href=\"https:\/\/www.upa.org.rs\/\" target=\"_blank\" rel=\"noopener\">UPAS-Udru\u017eenje pejza\u017enih arhitekata Srbije<\/a><\/p>\n<h4>Ostalo<\/h4>\n<p><a href=\"https:\/\/www.krajinskapolitika.si\/\">Izhodi\u0161\u010da za Krajinsko politiko Slovenije<\/a><br \/>\n<a href=\"https:\/\/landezine.com\/\" target=\"_blank\" rel=\"noopener\">Landezine<\/a><br \/>\n<a href=\"https:\/\/outsider.si\/\" target=\"_blank\" rel=\"noopener\">Revija Outsider<\/a><\/p>\n<h4><a href=\"https:\/\/dkas.si\/arhiv\/\"><strong>Arhivska spletna stran DKAS (do 2025)<\/strong><\/a><\/h4>\n","protected":false},"excerpt":{"rendered":"<p>Povezave V DKAS se s svojimi aktivnostmi, odzivi in projekti povezujemo s sorodnimi organizacijami v Sloveniji in \u0161ir\u0161e. Fakultete, oddelki Oddelek za krajinsko arhitekturo Zbornice Zbornica za arhitekturo in prostor Slovenije In\u017eenirska zbornica Slovenije Organizacije in zdru\u017eenja v Sloveniji Dru\u0161tvo \u0161tudentov krajinske arhitekture Mre\u017ea za prostor In\u0161titut za politike prostora Odgovorno do prostora! Dru\u0161tvo arhitektov [&hellip;]<\/p>\n","protected":false},"author":1,"featured_media":2009,"parent":58,"menu_order":3,"comment_status":"closed","ping_status":"closed","template":"","meta":{"footnotes":""},"class_list":["post-82","page","type-page","status-publish","has-post-thumbnail","hentry"],"_links":{"self":[{"href":"https:\/\/dkas.si\/fr\/wp-json\/wp\/v2\/pages\/82","targetHints":{"allow":["GET"]}}],"collection":[{"href":"https:\/\/dkas.si\/fr\/wp-json\/wp\/v2\/pages"}],"about":[{"href":"https:\/\/dkas.si\/fr\/wp-json\/wp\/v2\/types\/page"}],"author":[{"embeddable":true,"href":"https:\/\/dkas.si\/fr\/wp-json\/wp\/v2\/users\/1"}],"replies":[{"embeddable":true,"href":"https:\/\/dkas.si\/fr\/wp-json\/wp\/v2\/comments?post=82"}],"version-history":[{"count":31,"href":"https:\/\/dkas.si\/fr\/wp-json\/wp\/v2\/pages\/82\/revisions"}],"predecessor-version":[{"id":2837,"href":"https:\/\/dkas.si\/fr\/wp-json\/wp\/v2\/pages\/82\/revisions\/2837"}],"up":[{"embeddable":true,"href":"https:\/\/dkas.si\/fr\/wp-json\/wp\/v2\/pages\/58"}],"wp:featuredmedia":[{"embeddable":true,"href":"https:\/\/dkas.si\/fr\/wp-json\/wp\/v2\/media\/2009"}],"wp:attachment":[{"href":"https:\/\/dkas.si\/fr\/wp-json\/wp\/v2\/media?parent=82"}],"curies":[{"name":"wp","href":"https:\/\/api.w.org\/{rel}","templated":true}]}}