{"id":98,"date":"2024-05-13T00:41:53","date_gmt":"2024-05-12T22:41:53","guid":{"rendered":"https:\/\/newdkas.wpm.hehe.si\/?page_id=98"},"modified":"2025-10-08T21:26:11","modified_gmt":"2025-10-08T19:26:11","slug":"podelitve","status":"publish","type":"page","link":"https:\/\/dkas.si\/fr\/nagrade\/podelitve\/","title":{"rendered":"Podelitve"},"content":{"rendered":"<h2>Podelitve<\/h2>\n<h4>Leto 2022: Podelitev nagrad ob 30. obletnici dru\u0161tva<\/h4>\n<p>Na mednarodni dan krajin, 20. oktobra 2022, smo v \u0160vicariji v ljubljanskem Tivoliju praznovali 30. obletnico Dru\u0161tva krajinskih arhitektov s Festivalom KA in podelitvijo dru\u0161tvenih nagrad in priznanj. Podelili smo nagrado za \u017eivljenjsko delo, dve priznanji za aktivnost v stroki in priznanje za posebne dose\u017eke.<\/p>\n<p>Nagrado za \u017eivljenjsko delo je prejel <strong>Jo\u017ee Novak<\/strong>, priznanji za aktivnost v stroki sta prejela <strong>Ana Ku\u010dan<\/strong> in <strong>Radovan Romih<\/strong>, priznanje za posebne dose\u017eke pa je bil podeljeno <strong>projektu in izvedbi Ureditve Slovenske ulice, Trga zmage in Luthrovega drevoreda v Murski Soboti,<\/strong> avtorjev Mateja Blenku\u0161a, Darje Matja\u0161ec, Nejca Florjanca, Primo\u017ea \u017ditnika, Dominika Ko\u0161aka in Grega Valen\u010di\u010da.<\/p>\n<div id='gallery-1' class='gallery galleryid-98 gallery-columns-3 gallery-size-thumbnail'><figure class='gallery-item'>\n\t\t\t<div class='gallery-icon landscape'>\n\t\t\t\t<a href='https:\/\/dkas.si\/fr\/2022_01-podelitev_g-jakovac\/'><img loading=\"lazy\" decoding=\"async\" width=\"150\" height=\"150\" src=\"https:\/\/dkas.si\/wp-content\/uploads\/2025\/09\/2022_01-podelitev_G.Jakovac-150x150.jpeg\" class=\"attachment-thumbnail size-thumbnail\" alt=\"\" \/><\/a>\n\t\t\t<\/div><\/figure><figure class='gallery-item'>\n\t\t\t<div class='gallery-icon landscape'>\n\t\t\t\t<a href='https:\/\/dkas.si\/fr\/2022_13-podelitev_g-jakovac\/'><img loading=\"lazy\" decoding=\"async\" width=\"150\" height=\"150\" src=\"https:\/\/dkas.si\/wp-content\/uploads\/2025\/09\/2022_13-podelitev_G.Jakovac-150x150.jpg\" class=\"attachment-thumbnail size-thumbnail\" alt=\"\" \/><\/a>\n\t\t\t<\/div><\/figure><figure class='gallery-item'>\n\t\t\t<div class='gallery-icon landscape'>\n\t\t\t\t<a href='https:\/\/dkas.si\/fr\/2022_12-podelitev_g-jakovac\/'><img loading=\"lazy\" decoding=\"async\" width=\"150\" height=\"150\" src=\"https:\/\/dkas.si\/wp-content\/uploads\/2025\/09\/2022_12-podelitev_G.Jakovac-150x150.jpeg\" class=\"attachment-thumbnail size-thumbnail\" alt=\"\" \/><\/a>\n\t\t\t<\/div><\/figure><figure class='gallery-item'>\n\t\t\t<div class='gallery-icon landscape'>\n\t\t\t\t<a href='https:\/\/dkas.si\/fr\/2022_11-podelitev_g-jakovac\/'><img loading=\"lazy\" decoding=\"async\" width=\"150\" height=\"150\" src=\"https:\/\/dkas.si\/wp-content\/uploads\/2025\/09\/2022_11-podelitev_G.Jakovac-150x150.jpg\" class=\"attachment-thumbnail size-thumbnail\" alt=\"\" \/><\/a>\n\t\t\t<\/div><\/figure><figure class='gallery-item'>\n\t\t\t<div class='gallery-icon landscape'>\n\t\t\t\t<a href='https:\/\/dkas.si\/fr\/2022_09-podelitev_g-jakovac\/'><img loading=\"lazy\" decoding=\"async\" width=\"150\" height=\"150\" src=\"https:\/\/dkas.si\/wp-content\/uploads\/2025\/09\/2022_09-podelitev_G.Jakovac-150x150.jpeg\" class=\"attachment-thumbnail size-thumbnail\" alt=\"\" \/><\/a>\n\t\t\t<\/div><\/figure><figure class='gallery-item'>\n\t\t\t<div class='gallery-icon landscape'>\n\t\t\t\t<a href='https:\/\/dkas.si\/fr\/nagrade\/nagrade-in-priznanja\/nagrada-za-zivljenjsko-delo\/nagrada-za-zivljenjsko-delo-2022-joze-novak\/2022_08-podelitev_g-jakovac\/'><img loading=\"lazy\" decoding=\"async\" width=\"150\" height=\"150\" src=\"https:\/\/dkas.si\/wp-content\/uploads\/2025\/09\/2022_08-podelitev_G.Jakovac-150x150.jpeg\" class=\"attachment-thumbnail size-thumbnail\" alt=\"\" \/><\/a>\n\t\t\t<\/div><\/figure><figure class='gallery-item'>\n\t\t\t<div class='gallery-icon landscape'>\n\t\t\t\t<a href='https:\/\/dkas.si\/fr\/2022_07-podelitev_g-jakovac\/'><img loading=\"lazy\" decoding=\"async\" width=\"150\" height=\"150\" src=\"https:\/\/dkas.si\/wp-content\/uploads\/2025\/09\/2022_07-podelitev_G.Jakovac-150x150.jpeg\" class=\"attachment-thumbnail size-thumbnail\" alt=\"\" \/><\/a>\n\t\t\t<\/div><\/figure><figure class='gallery-item'>\n\t\t\t<div class='gallery-icon landscape'>\n\t\t\t\t<a href='https:\/\/dkas.si\/fr\/2022_06-podelitev_g-jakovac\/'><img loading=\"lazy\" decoding=\"async\" width=\"150\" height=\"150\" src=\"https:\/\/dkas.si\/wp-content\/uploads\/2025\/09\/2022_06-podelitev_G.Jakovac-150x150.jpeg\" class=\"attachment-thumbnail size-thumbnail\" alt=\"\" \/><\/a>\n\t\t\t<\/div><\/figure><figure class='gallery-item'>\n\t\t\t<div class='gallery-icon landscape'>\n\t\t\t\t<a href='https:\/\/dkas.si\/fr\/2022_05-podelitev_g-jakovac\/'><img loading=\"lazy\" decoding=\"async\" width=\"150\" height=\"150\" src=\"https:\/\/dkas.si\/wp-content\/uploads\/2025\/09\/2022_05-podelitev_G.Jakovac-150x150.jpg\" class=\"attachment-thumbnail size-thumbnail\" alt=\"\" \/><\/a>\n\t\t\t<\/div><\/figure><figure class='gallery-item'>\n\t\t\t<div class='gallery-icon landscape'>\n\t\t\t\t<a href='https:\/\/dkas.si\/fr\/2022_04-podelitev_g-jakovac\/'><img loading=\"lazy\" decoding=\"async\" width=\"150\" height=\"150\" src=\"https:\/\/dkas.si\/wp-content\/uploads\/2025\/09\/2022_04-podelitev_G.Jakovac-150x150.jpeg\" class=\"attachment-thumbnail size-thumbnail\" alt=\"\" \/><\/a>\n\t\t\t<\/div><\/figure><figure class='gallery-item'>\n\t\t\t<div class='gallery-icon landscape'>\n\t\t\t\t<a href='https:\/\/dkas.si\/fr\/2022_03-podelitev_g-jakovac\/'><img loading=\"lazy\" decoding=\"async\" width=\"150\" height=\"150\" src=\"https:\/\/dkas.si\/wp-content\/uploads\/2025\/09\/2022_03-podelitev_G.Jakovac-150x150.jpeg\" class=\"attachment-thumbnail size-thumbnail\" alt=\"\" \/><\/a>\n\t\t\t<\/div><\/figure><figure class='gallery-item'>\n\t\t\t<div class='gallery-icon landscape'>\n\t\t\t\t<a href='https:\/\/dkas.si\/fr\/2022_02-podelitev_g-jakovac\/'><img loading=\"lazy\" decoding=\"async\" width=\"150\" height=\"150\" src=\"https:\/\/dkas.si\/wp-content\/uploads\/2025\/09\/2022_02-podelitev_G.Jakovac-150x150.jpeg\" class=\"attachment-thumbnail size-thumbnail\" alt=\"\" \/><\/a>\n\t\t\t<\/div><\/figure>\n\t\t<\/div>\n\n<p>Nagrade je v obliki sofinanciranja podprlo Ministrstvo za okolje in prostor.<\/p>\n<h4 class=\"title\">Leto 2017: Podeljene nagrade ob 25-letnici delovanja DKAS<\/h4>\n<p>Ob 25 letnici delovanja dru\u0161tva smo 20. oktobra 2017 v Lendavi smo ob slavnostni akademiji podelili nagrade in priznanja dru\u0161tva za DOSE\u017dKE KRAJINSKIH ARHITEKTOV.<\/p>\n<p>Zbrane so nagovorili: \u017eupan ob\u010dine Lendava Anton Bala\u017eek, ministrica RS za okolje in prostor Irena Majcen, Barbara Mlakar v imenu ministra za kulturo Antona Per\u0161aka, nekdanji minister Pavel Gantar, predstavnica Udru\u017eenja pejsa\u017enih arhitekata Srbije Ljiljana Tubi\u010d, predstavnica Dru\u0161tva krajobraznih arhitekata Hrvatske Andrea Knez in predsednik DKAS, Jo\u017ee Novak. Slavnostni govornik je bil prodekan Biotehni\u0161ke fakultete Davorin Gazvoda. V jubilejnem letu sta priznanje za prispevek k razvoju stroke, delovanju dru\u0161tva in strokovne dose\u017eke prejela: <strong>Jelka Hudoklin<\/strong> in <strong>Ale\u0161 Mlakar<\/strong>; nagrade za \u017eivljenjsko delo pa: <strong>Alenka Kol\u0161ek<\/strong> (posthumno, nagrado je prevzela Milana Klemen, predsednica delovne komisije krajinskih arhitektov konservatorjev, ki deluje v okviru Zavoda za varstvo kulturne dedi\u0161\u010dine Slovenije) ter profesorja <strong>Nikolaja Kravanja<\/strong> in <strong>Aleksander \u0160iftar<\/strong>.<\/p>\n<p>Ob koncu slavnostne akademije se je aktualni upravni odbor in predsednik DKAS Jo\u017ee Novak zahvalil predsednikom in \u010dlanom upravnih odborov, ki so vodili in delovali v dru\u0161tvu v obdobju 25 let.<\/p>\n<div id='gallery-2' class='gallery galleryid-98 gallery-columns-3 gallery-size-thumbnail'><figure class='gallery-item'>\n\t\t\t<div class='gallery-icon landscape'>\n\t\t\t\t<a href='https:\/\/dkas.si\/fr\/imgp0994\/'><img loading=\"lazy\" decoding=\"async\" width=\"150\" height=\"150\" src=\"https:\/\/dkas.si\/wp-content\/uploads\/2025\/10\/IMGP0994-150x150.jpg\" class=\"attachment-thumbnail size-thumbnail\" alt=\"\" \/><\/a>\n\t\t\t<\/div><\/figure><figure class='gallery-item'>\n\t\t\t<div class='gallery-icon landscape'>\n\t\t\t\t<a href='https:\/\/dkas.si\/fr\/imgp1171\/'><img loading=\"lazy\" decoding=\"async\" width=\"150\" height=\"150\" src=\"https:\/\/dkas.si\/wp-content\/uploads\/2025\/10\/IMGP1171-150x150.jpg\" class=\"attachment-thumbnail size-thumbnail\" alt=\"\" \/><\/a>\n\t\t\t<\/div><\/figure><figure class='gallery-item'>\n\t\t\t<div class='gallery-icon landscape'>\n\t\t\t\t<a href='https:\/\/dkas.si\/fr\/imgp1163\/'><img loading=\"lazy\" decoding=\"async\" width=\"150\" height=\"150\" src=\"https:\/\/dkas.si\/wp-content\/uploads\/2025\/10\/IMGP1163-150x150.jpg\" class=\"attachment-thumbnail size-thumbnail\" alt=\"\" \/><\/a>\n\t\t\t<\/div><\/figure><figure class='gallery-item'>\n\t\t\t<div class='gallery-icon landscape'>\n\t\t\t\t<a href='https:\/\/dkas.si\/fr\/imgp1118\/'><img loading=\"lazy\" decoding=\"async\" width=\"150\" height=\"150\" src=\"https:\/\/dkas.si\/wp-content\/uploads\/2025\/10\/IMGP1118-150x150.jpg\" class=\"attachment-thumbnail size-thumbnail\" alt=\"\" \/><\/a>\n\t\t\t<\/div><\/figure><figure class='gallery-item'>\n\t\t\t<div class='gallery-icon landscape'>\n\t\t\t\t<a href='https:\/\/dkas.si\/fr\/imgp1110\/'><img loading=\"lazy\" decoding=\"async\" width=\"150\" height=\"150\" src=\"https:\/\/dkas.si\/wp-content\/uploads\/2025\/10\/IMGP1110-150x150.jpg\" class=\"attachment-thumbnail size-thumbnail\" alt=\"\" \/><\/a>\n\t\t\t<\/div><\/figure><figure class='gallery-item'>\n\t\t\t<div class='gallery-icon landscape'>\n\t\t\t\t<a href='https:\/\/dkas.si\/fr\/imgp1095\/'><img loading=\"lazy\" decoding=\"async\" width=\"150\" height=\"150\" src=\"https:\/\/dkas.si\/wp-content\/uploads\/2025\/10\/IMGP1095-150x150.jpg\" class=\"attachment-thumbnail size-thumbnail\" alt=\"\" \/><\/a>\n\t\t\t<\/div><\/figure><figure class='gallery-item'>\n\t\t\t<div class='gallery-icon portrait'>\n\t\t\t\t<a href='https:\/\/dkas.si\/fr\/imgp1087\/'><img loading=\"lazy\" decoding=\"async\" width=\"150\" height=\"150\" src=\"https:\/\/dkas.si\/wp-content\/uploads\/2025\/10\/IMGP1087-150x150.jpg\" class=\"attachment-thumbnail size-thumbnail\" alt=\"\" \/><\/a>\n\t\t\t<\/div><\/figure><figure class='gallery-item'>\n\t\t\t<div class='gallery-icon portrait'>\n\t\t\t\t<a href='https:\/\/dkas.si\/fr\/nagrade\/nagrade-in-priznanja\/nagrada-za-zivljenjsko-delo\/nagrada-za-zivljenjsko-delo-2017-doc-dr-nikolaja-kravanja\/imgp1060\/'><img loading=\"lazy\" decoding=\"async\" width=\"150\" height=\"150\" src=\"https:\/\/dkas.si\/wp-content\/uploads\/2025\/10\/IMGP1060-150x150.jpg\" class=\"attachment-thumbnail size-thumbnail\" alt=\"\" \/><\/a>\n\t\t\t<\/div><\/figure><figure class='gallery-item'>\n\t\t\t<div class='gallery-icon landscape'>\n\t\t\t\t<a href='https:\/\/dkas.si\/fr\/imgp1039\/'><img loading=\"lazy\" decoding=\"async\" width=\"150\" height=\"150\" src=\"https:\/\/dkas.si\/wp-content\/uploads\/2025\/10\/IMGP1039-150x150.jpg\" class=\"attachment-thumbnail size-thumbnail\" alt=\"\" \/><\/a>\n\t\t\t<\/div><\/figure><figure class='gallery-item'>\n\t\t\t<div class='gallery-icon landscape'>\n\t\t\t\t<a href='https:\/\/dkas.si\/fr\/imgp1025\/'><img loading=\"lazy\" decoding=\"async\" width=\"150\" height=\"150\" src=\"https:\/\/dkas.si\/wp-content\/uploads\/2025\/10\/IMGP1025-150x150.jpg\" class=\"attachment-thumbnail size-thumbnail\" alt=\"\" \/><\/a>\n\t\t\t<\/div><\/figure><figure class='gallery-item'>\n\t\t\t<div class='gallery-icon landscape'>\n\t\t\t\t<a href='https:\/\/dkas.si\/fr\/imgp1011\/'><img loading=\"lazy\" decoding=\"async\" width=\"150\" height=\"150\" src=\"https:\/\/dkas.si\/wp-content\/uploads\/2025\/10\/IMGP1011-150x150.jpg\" class=\"attachment-thumbnail size-thumbnail\" alt=\"\" \/><\/a>\n\t\t\t<\/div><\/figure><figure class='gallery-item'>\n\t\t\t<div class='gallery-icon portrait'>\n\t\t\t\t<a href='https:\/\/dkas.si\/fr\/nagrade\/nagrade-in-priznanja\/priznanje-za-aktivnost-v-stroki-in-drustvu\/priznanje-za-aktivnost-v-stroki-oz-drustvu-2017-mag-jelka-hudoklin\/imgp1004\/'><img loading=\"lazy\" decoding=\"async\" width=\"150\" height=\"150\" src=\"https:\/\/dkas.si\/wp-content\/uploads\/2025\/10\/IMGP1004-150x150.jpg\" class=\"attachment-thumbnail size-thumbnail\" alt=\"\" \/><\/a>\n\t\t\t<\/div><\/figure>\n\t\t<\/div>\n\n<h4>Leto 2016: Nagradi za \u017eivljenjsko delo Alenki Polutnik in Niku Staretu, za ve\u010dletno aktivnost v stroki in pomembne dose\u017eke Maji Simoneti<\/h4>\n<p>V \u010detrtek, 14. januarja 2016, smo slovesno podelili nagrade DKAS. Nagradi za \u017eivljenjsko delo sta prejela <strong>Alenka Polutnik<\/strong> in <strong>Niko Stare<\/strong>, priznanje za ve\u010dletno aktivnost v stroki in pomembne dose\u017eke pa je prejela <strong>Maja Simoneti<\/strong>.<\/p>\n<p>Nagradi in priznanje je podelil predsednik DKAS Jo\u017ee Novak, nastopil je tudi tenorist An\u017ee Petra\u010d. Prof. Janez Maru\u0161i\u010d je imel kratek nagovor, v katerem je poudaril, da so leto\u0161nji nagrajenci prvoborci krajinske arhitekture v Sloveniji. Opisal je duh \u010dasa v katerem so orali ledino in se navezal na aktualno stanje stroke.<\/p>\n<p>Pred slavnostno podelitvijo je bilo nastopno predavanje prof. dr. Mojce Golobi\u010d z naslovom \u00bbStrokovnjaki naj odlo\u010dijo!?\u00ab, s katerim je pridobila naziv redna profesorica.<\/p>\n<p>V preddverju je bila na ogled tudi razstava \u0161tudentov krajinske arhitekture.<\/p>\n<div id='gallery-3' class='gallery galleryid-98 gallery-columns-3 gallery-size-thumbnail'><figure class='gallery-item'>\n\t\t\t<div class='gallery-icon landscape'>\n\t\t\t\t<a href='https:\/\/dkas.si\/fr\/2016_17_podelitev_nagrajenci3_s\/'><img loading=\"lazy\" decoding=\"async\" width=\"150\" height=\"150\" src=\"https:\/\/dkas.si\/wp-content\/uploads\/2025\/09\/2016_17_podelitev_nagrajenci3_S-150x150.jpeg\" class=\"attachment-thumbnail size-thumbnail\" alt=\"\" \/><\/a>\n\t\t\t<\/div><\/figure><figure class='gallery-item'>\n\t\t\t<div class='gallery-icon landscape'>\n\t\t\t\t<a href='https:\/\/dkas.si\/fr\/2016_16_podelitev_nagrajenci2_s\/'><img loading=\"lazy\" decoding=\"async\" width=\"150\" height=\"150\" src=\"https:\/\/dkas.si\/wp-content\/uploads\/2025\/09\/2016_16_podelitev_nagrajenci2_S-150x150.jpeg\" class=\"attachment-thumbnail size-thumbnail\" alt=\"\" \/><\/a>\n\t\t\t<\/div><\/figure><figure class='gallery-item'>\n\t\t\t<div class='gallery-icon portrait'>\n\t\t\t\t<a href='https:\/\/dkas.si\/fr\/2016_15_podelitev_nagrajenci1_s\/'><img loading=\"lazy\" decoding=\"async\" width=\"150\" height=\"150\" src=\"https:\/\/dkas.si\/wp-content\/uploads\/2025\/09\/2016_15_podelitev_nagrajenci1_S-150x150.jpeg\" class=\"attachment-thumbnail size-thumbnail\" alt=\"\" \/><\/a>\n\t\t\t<\/div><\/figure><figure class='gallery-item'>\n\t\t\t<div class='gallery-icon portrait'>\n\t\t\t\t<a href='https:\/\/dkas.si\/fr\/2016_14_podelitev_simoneti3_s\/'><img loading=\"lazy\" decoding=\"async\" width=\"150\" height=\"150\" src=\"https:\/\/dkas.si\/wp-content\/uploads\/2025\/09\/2016_14_podelitev_Simoneti3_S-150x150.jpeg\" class=\"attachment-thumbnail size-thumbnail\" alt=\"\" \/><\/a>\n\t\t\t<\/div><\/figure><figure class='gallery-item'>\n\t\t\t<div class='gallery-icon landscape'>\n\t\t\t\t<a href='https:\/\/dkas.si\/fr\/2016_12_podelitev_simoneti1_s\/'><img loading=\"lazy\" decoding=\"async\" width=\"150\" height=\"150\" src=\"https:\/\/dkas.si\/wp-content\/uploads\/2025\/09\/2016_12_podelitev_Simoneti1_S-150x150.jpeg\" class=\"attachment-thumbnail size-thumbnail\" alt=\"\" \/><\/a>\n\t\t\t<\/div><\/figure><figure class='gallery-item'>\n\t\t\t<div class='gallery-icon landscape'>\n\t\t\t\t<a href='https:\/\/dkas.si\/fr\/2016_11_podelitev1_s\/'><img loading=\"lazy\" decoding=\"async\" width=\"150\" height=\"150\" src=\"https:\/\/dkas.si\/wp-content\/uploads\/2025\/09\/2016_11_podelitev1_S-150x150.jpeg\" class=\"attachment-thumbnail size-thumbnail\" alt=\"\" \/><\/a>\n\t\t\t<\/div><\/figure><figure class='gallery-item'>\n\t\t\t<div class='gallery-icon landscape'>\n\t\t\t\t<a href='https:\/\/dkas.si\/fr\/2016_09_podelitev_stare3_s\/'><img loading=\"lazy\" decoding=\"async\" width=\"150\" height=\"150\" src=\"https:\/\/dkas.si\/wp-content\/uploads\/2025\/09\/2016_09_podelitev_Stare3_S-150x150.jpeg\" class=\"attachment-thumbnail size-thumbnail\" alt=\"\" \/><\/a>\n\t\t\t<\/div><\/figure><figure class='gallery-item'>\n\t\t\t<div class='gallery-icon portrait'>\n\t\t\t\t<a href='https:\/\/dkas.si\/fr\/2016_08_podelitev_stare2_s\/'><img loading=\"lazy\" decoding=\"async\" width=\"150\" height=\"150\" src=\"https:\/\/dkas.si\/wp-content\/uploads\/2025\/09\/2016_08_podelitev_Stare2_S-150x150.jpeg\" class=\"attachment-thumbnail size-thumbnail\" alt=\"\" \/><\/a>\n\t\t\t<\/div><\/figure><figure class='gallery-item'>\n\t\t\t<div class='gallery-icon landscape'>\n\t\t\t\t<a href='https:\/\/dkas.si\/fr\/2016_07_podelitev_stare1_s\/'><img loading=\"lazy\" decoding=\"async\" width=\"150\" height=\"150\" src=\"https:\/\/dkas.si\/wp-content\/uploads\/2025\/09\/2016_07_podelitev_Stare1_S-150x150.jpeg\" class=\"attachment-thumbnail size-thumbnail\" alt=\"\" \/><\/a>\n\t\t\t<\/div><\/figure><figure class='gallery-item'>\n\t\t\t<div class='gallery-icon landscape'>\n\t\t\t\t<a href='https:\/\/dkas.si\/fr\/2016_07_podelitev_pozdrav1_l\/'><img loading=\"lazy\" decoding=\"async\" width=\"150\" height=\"150\" src=\"https:\/\/dkas.si\/wp-content\/uploads\/2025\/09\/2016_07_podelitev_pozdrav1_L-150x150.jpeg\" class=\"attachment-thumbnail size-thumbnail\" alt=\"\" \/><\/a>\n\t\t\t<\/div><\/figure><figure class='gallery-item'>\n\t\t\t<div class='gallery-icon landscape'>\n\t\t\t\t<a href='https:\/\/dkas.si\/fr\/nagrade\/nagrade-in-priznanja\/nagrada-za-zivljenjsko-delo\/nagrada-za-zivljenjsko-delo-2016-mag-alenka-polutnik\/2016_06_podelitev_polutnik2_s\/'><img loading=\"lazy\" decoding=\"async\" width=\"150\" height=\"150\" src=\"https:\/\/dkas.si\/wp-content\/uploads\/2025\/09\/2016_06_podelitev_Polutnik2_S-150x150.jpeg\" class=\"attachment-thumbnail size-thumbnail\" alt=\"\" \/><\/a>\n\t\t\t<\/div><\/figure><figure class='gallery-item'>\n\t\t\t<div class='gallery-icon landscape'>\n\t\t\t\t<a href='https:\/\/dkas.si\/fr\/2016_05_podelitev_polutnik1_s\/'><img loading=\"lazy\" decoding=\"async\" width=\"150\" height=\"150\" src=\"https:\/\/dkas.si\/wp-content\/uploads\/2025\/09\/2016_05_podelitev_Polutnik1_S-150x150.jpeg\" class=\"attachment-thumbnail size-thumbnail\" alt=\"\" \/><\/a>\n\t\t\t<\/div><\/figure><figure class='gallery-item'>\n\t\t\t<div class='gallery-icon landscape'>\n\t\t\t\t<a href='https:\/\/dkas.si\/fr\/2016_03_podelitev_marusic1_s\/'><img loading=\"lazy\" decoding=\"async\" width=\"150\" height=\"150\" src=\"https:\/\/dkas.si\/wp-content\/uploads\/2025\/09\/2016_03_podelitev_Marusic1_S-150x150.jpeg\" class=\"attachment-thumbnail size-thumbnail\" alt=\"\" \/><\/a>\n\t\t\t<\/div><\/figure><figure class='gallery-item'>\n\t\t\t<div class='gallery-icon landscape'>\n\t\t\t\t<a href='https:\/\/dkas.si\/fr\/2016_01_podelitev_predavanje1_s\/'><img loading=\"lazy\" decoding=\"async\" width=\"150\" height=\"150\" src=\"https:\/\/dkas.si\/wp-content\/uploads\/2025\/09\/2016_01_podelitev_predavanje1_S-150x150.jpeg\" class=\"attachment-thumbnail size-thumbnail\" alt=\"\" \/><\/a>\n\t\t\t<\/div><\/figure>\n\t\t<\/div>\n\n<h4>Leto 2011: Nagrada za \u017eivljenjsko delo Janezu Maru\u0161i\u010du<\/h4>\n<p>Dru\u0161tvo krajinskih arhitektov Slovenije je v torek, 15. novembra 2011, podelilo nagrado za \u017eivljenjsko delo.<\/p>\n<p>Prejel jo je <strong>Janez Maru\u0161i\u010d<\/strong>, ki je zasnoval in vodil podro\u010dje krajinskega in varstvenega planiranja in s tem odlo\u010dilno vplival tudi na razvoj prostorskega na\u010drtovanja pri nas. Nagrado sta podelila predsednica dru\u0161tva dr. Barbara Goli\u010dnik Maru\u0161i\u0107 in Toma\u017e Vuga, arhitekt in minister za okolje in prostor v osemdesetih letih, ko je nastajala najsodobnej\u0161a zakonodaja s podro\u010dja prostorskega na\u010drtovanja v Evropi, pri katere snovanju je izdatno sodeloval tudi prof. Maru\u0161i\u010d.<\/p>\n<div id='gallery-4' class='gallery galleryid-98 gallery-columns-3 gallery-size-thumbnail'><figure class='gallery-item'>\n\t\t\t<div class='gallery-icon landscape'>\n\t\t\t\t<a href='https:\/\/dkas.si\/fr\/nagrade\/podelitve\/2011_01-podelitev\/'><img loading=\"lazy\" decoding=\"async\" width=\"150\" height=\"150\" src=\"https:\/\/dkas.si\/wp-content\/uploads\/2025\/09\/2011_01-podelitev-150x150.jpg\" class=\"attachment-thumbnail size-thumbnail\" alt=\"\" \/><\/a>\n\t\t\t<\/div><\/figure><figure class='gallery-item'>\n\t\t\t<div class='gallery-icon landscape'>\n\t\t\t\t<a href='https:\/\/dkas.si\/fr\/nagrade\/podelitve\/2011_02-podelitev\/'><img loading=\"lazy\" decoding=\"async\" width=\"150\" height=\"150\" src=\"https:\/\/dkas.si\/wp-content\/uploads\/2025\/09\/2011_02-podelitev-150x150.jpg\" class=\"attachment-thumbnail size-thumbnail\" alt=\"\" \/><\/a>\n\t\t\t<\/div><\/figure>\n\t\t<\/div>\n\n<h3>Leto 2002: Nagrada za \u017eivljenjsko delo Du\u0161anu Ogrinu<\/h3>\n<p>Ob 10. obletnici ustanovitve Dru\u0161tva krajinskih arhitektov Slovenije je nagrado za \u017eivljenjsko delo iz rok predsednice dru\u0161tva mag. Alenka Kol\u0161ek prejel <strong>Du\u0161an Ogrin<\/strong>. Slovesnost je potekala v Tartinijevi hi\u0161i v Piranu v soboto, 9. novembra 2002.<\/p>\n<div id='gallery-5' class='gallery galleryid-98 gallery-columns-3 gallery-size-thumbnail'><figure class='gallery-item'>\n\t\t\t<div class='gallery-icon landscape'>\n\t\t\t\t<a href='https:\/\/dkas.si\/fr\/nagrade\/podelitve\/2002_02-podelitev\/'><img loading=\"lazy\" decoding=\"async\" width=\"150\" height=\"150\" src=\"https:\/\/dkas.si\/wp-content\/uploads\/2025\/09\/2002_02-podelitev-150x150.jpg\" class=\"attachment-thumbnail size-thumbnail\" alt=\"\" \/><\/a>\n\t\t\t<\/div><\/figure><figure class='gallery-item'>\n\t\t\t<div class='gallery-icon landscape'>\n\t\t\t\t<a href='https:\/\/dkas.si\/fr\/nagrade\/podelitve\/2002_01-podelitev\/'><img loading=\"lazy\" decoding=\"async\" width=\"150\" height=\"150\" src=\"https:\/\/dkas.si\/wp-content\/uploads\/2025\/09\/2002_01-podelitev-150x150.jpg\" class=\"attachment-thumbnail size-thumbnail\" alt=\"\" \/><\/a>\n\t\t\t<\/div><\/figure>\n\t\t<\/div>\n\n","protected":false},"excerpt":{"rendered":"<p>Podelitve Leto 2022: Podelitev nagrad ob 30. obletnici dru\u0161tva Na mednarodni dan krajin, 20. oktobra 2022, smo v \u0160vicariji v ljubljanskem Tivoliju praznovali 30. obletnico Dru\u0161tva krajinskih arhitektov s Festivalom KA in podelitvijo dru\u0161tvenih nagrad in priznanj. Podelili smo nagrado za \u017eivljenjsko delo, dve priznanji za aktivnost v stroki in priznanje za posebne dose\u017eke. Nagrado [&hellip;]<\/p>\n","protected":false},"author":1,"featured_media":164,"parent":61,"menu_order":1,"comment_status":"closed","ping_status":"closed","template":"","meta":{"footnotes":""},"class_list":["post-98","page","type-page","status-publish","has-post-thumbnail","hentry"],"_links":{"self":[{"href":"https:\/\/dkas.si\/fr\/wp-json\/wp\/v2\/pages\/98","targetHints":{"allow":["GET"]}}],"collection":[{"href":"https:\/\/dkas.si\/fr\/wp-json\/wp\/v2\/pages"}],"about":[{"href":"https:\/\/dkas.si\/fr\/wp-json\/wp\/v2\/types\/page"}],"author":[{"embeddable":true,"href":"https:\/\/dkas.si\/fr\/wp-json\/wp\/v2\/users\/1"}],"replies":[{"embeddable":true,"href":"https:\/\/dkas.si\/fr\/wp-json\/wp\/v2\/comments?post=98"}],"version-history":[{"count":9,"href":"https:\/\/dkas.si\/fr\/wp-json\/wp\/v2\/pages\/98\/revisions"}],"predecessor-version":[{"id":2510,"href":"https:\/\/dkas.si\/fr\/wp-json\/wp\/v2\/pages\/98\/revisions\/2510"}],"up":[{"embeddable":true,"href":"https:\/\/dkas.si\/fr\/wp-json\/wp\/v2\/pages\/61"}],"wp:featuredmedia":[{"embeddable":true,"href":"https:\/\/dkas.si\/fr\/wp-json\/wp\/v2\/media\/164"}],"wp:attachment":[{"href":"https:\/\/dkas.si\/fr\/wp-json\/wp\/v2\/media?parent=98"}],"curies":[{"name":"wp","href":"https:\/\/api.w.org\/{rel}","templated":true}]}}